{"id":86,"date":"2020-03-12T15:42:09","date_gmt":"2020-03-12T15:42:09","guid":{"rendered":"http:\/\/lukasburgering.com\/?page_id=86"},"modified":"2024-08-02T09:24:58","modified_gmt":"2024-08-02T09:24:58","slug":"schrijver-en-publicaties","status":"publish","type":"page","link":"http:\/\/lukasburgering.com\/?page_id=86","title":{"rendered":"Schrijver en Publicaties"},"content":{"rendered":"\n<p>Lukas Burgering schrijft graag. Op zijn website <a href=\"http:\/\/www.lpjb.nl\/blog\" target=\"_blank\" rel=\"noreferrer noopener\">www.lpjb.nl<\/a> schreef hij van 2014 tot en met 2023 een wekelijks blog met een korte opinie of beschouwing over externe communicatie.<\/p>\n\n\n\n<p>Daarnaast publiceerde hij een aantal boeken en een wetenschappelijk artikel. <\/p>\n\n\n\n<p><strong>2012 Top of Nul<\/strong><\/p>\n\n\n\n<p><strong>2013 Ik zal handhaven<\/strong><\/p>\n\n\n\n<p><strong>2015 Das Staatsoberhaupt und die Politik. \u00dcber den politischen Einflu\u00df von K\u00f6ningin Beatrix.<\/strong><\/p>\n\n\n\n<p><strong>2020 Veerle<\/strong><\/p>\n\n\n\n<p><strong>2021 Crisis<\/strong><\/p>\n\n\n\n<p><strong>2023 De woordvoerder<\/strong><\/p>\n\n\n\n<p><strong>2024 Door de ogen van je stakeholders<\/strong><\/p>\n\n\n\n<p><\/p>\n\n\n\n<p>Klik op de covers van de boeken hieronder voor nadere informatie.<\/p>\n\n\n\n<figure class=\"wp-block-image size-full is-resized\"><a href=\"https:\/\/lukasburgering.com\/wp-admin\/post.php?post=172&amp;action=edit\" target=\"_blank\" rel=\"noreferrer noopener\"><img loading=\"lazy\" decoding=\"async\" width=\"468\" height=\"720\" src=\"https:\/\/lukasburgering.com\/wp-content\/uploads\/2024\/08\/image.png\" alt=\"\" class=\"wp-image-177\" style=\"width:287px;height:auto\" srcset=\"http:\/\/lukasburgering.com\/wp-content\/uploads\/2024\/08\/image.png 468w, http:\/\/lukasburgering.com\/wp-content\/uploads\/2024\/08\/image-195x300.png 195w\" sizes=\"auto, (max-width: 468px) 100vw, 468px\" \/><\/a><\/figure>\n\n\n\n<div class=\"wp-block-group\"><div class=\"wp-block-group__inner-container is-layout-constrained wp-block-group-is-layout-constrained\">\n<div class=\"wp-block-columns is-layout-flex wp-container-core-columns-is-layout-9d6595d7 wp-block-columns-is-layout-flex\">\n<div class=\"wp-block-column is-layout-flow wp-block-column-is-layout-flow\">\n<figure class=\"wp-block-image size-large is-resized\"><a href=\"http:\/\/lukasburgering.com\/?page_id=162\" target=\"_blank\" rel=\"noreferrer noopener\"><img loading=\"lazy\" decoding=\"async\" width=\"760\" height=\"1024\" src=\"http:\/\/lukasburgering.com\/wp-content\/uploads\/2023\/02\/image-760x1024.png\" alt=\"\" class=\"wp-image-166\" style=\"aspect-ratio:0.743006993006993;width:279px;height:auto\" srcset=\"http:\/\/lukasburgering.com\/wp-content\/uploads\/2023\/02\/image-760x1024.png 760w, http:\/\/lukasburgering.com\/wp-content\/uploads\/2023\/02\/image-223x300.png 223w, http:\/\/lukasburgering.com\/wp-content\/uploads\/2023\/02\/image-768x1035.png 768w, http:\/\/lukasburgering.com\/wp-content\/uploads\/2023\/02\/image.png 989w\" sizes=\"auto, (max-width: 760px) 100vw, 760px\" \/><\/a><\/figure>\n<\/div>\n\n\n\n<div class=\"wp-block-column is-layout-flow wp-block-column-is-layout-flow\">\n<p><\/p>\n<\/div>\n<\/div>\n<\/div><\/div>\n\n\n\n<div class=\"wp-block-columns is-layout-flex wp-container-core-columns-is-layout-9d6595d7 wp-block-columns-is-layout-flex\">\n<div class=\"wp-block-column is-layout-flow wp-block-column-is-layout-flow\">\n<figure class=\"wp-block-image size-large is-resized\"><a href=\"https:\/\/lukasburgering.com\/?page_id=129\" target=\"_blank\" rel=\"noopener\"><img loading=\"lazy\" decoding=\"async\" width=\"646\" height=\"1024\" src=\"http:\/\/lukasburgering.com\/wp-content\/uploads\/2021\/08\/Crisis-1-e1628081154648-646x1024.jpg\" alt=\"\" class=\"wp-image-151\" style=\"width:272px;height:431px\" srcset=\"http:\/\/lukasburgering.com\/wp-content\/uploads\/2021\/08\/Crisis-1-e1628081154648-646x1024.jpg 646w, http:\/\/lukasburgering.com\/wp-content\/uploads\/2021\/08\/Crisis-1-e1628081154648-189x300.jpg 189w, http:\/\/lukasburgering.com\/wp-content\/uploads\/2021\/08\/Crisis-1-e1628081154648-768x1218.jpg 768w, http:\/\/lukasburgering.com\/wp-content\/uploads\/2021\/08\/Crisis-1-e1628081154648-968x1536.jpg 968w, http:\/\/lukasburgering.com\/wp-content\/uploads\/2021\/08\/Crisis-1-e1628081154648.jpg 1087w\" sizes=\"auto, (max-width: 646px) 100vw, 646px\" \/><\/a><\/figure>\n<\/div>\n\n\n\n<div class=\"wp-block-column is-layout-flow wp-block-column-is-layout-flow\">\n<p><\/p>\n<\/div>\n<\/div>\n\n\n\n<div class=\"wp-block-group\"><div class=\"wp-block-group__inner-container is-layout-flow wp-block-group-is-layout-flow\">\n<h2 class=\"wp-block-heading has-text-align-center\"><\/h2>\n\n\n\n<div class=\"wp-block-columns is-layout-flex wp-container-core-columns-is-layout-9d6595d7 wp-block-columns-is-layout-flex\">\n<div class=\"wp-block-column is-layout-flow wp-block-column-is-layout-flow\">\n<figure class=\"wp-block-image size-full\"><a href=\"https:\/\/lukasburgering.com\/?page_id=106\" target=\"_blank\" rel=\"noopener\"><img loading=\"lazy\" decoding=\"async\" width=\"667\" height=\"1000\" src=\"http:\/\/lukasburgering.com\/wp-content\/uploads\/2020\/03\/9789464030983_cov.jpg\" alt=\"\" class=\"wp-image-56\" srcset=\"http:\/\/lukasburgering.com\/wp-content\/uploads\/2020\/03\/9789464030983_cov.jpg 667w, http:\/\/lukasburgering.com\/wp-content\/uploads\/2020\/03\/9789464030983_cov-200x300.jpg 200w\" sizes=\"auto, (max-width: 667px) 100vw, 667px\" \/><\/a><\/figure>\n<\/div>\n\n\n\n<div class=\"wp-block-column is-layout-flow wp-block-column-is-layout-flow\">\n<figure class=\"wp-block-image size-full\"><a href=\"https:\/\/lukasburgering.com\/?page_id=118\" target=\"_blank\" rel=\"noopener\"><img loading=\"lazy\" decoding=\"async\" width=\"651\" height=\"973\" src=\"http:\/\/lukasburgering.com\/wp-content\/uploads\/2020\/07\/cover.jpg\" alt=\"\" class=\"wp-image-113\" srcset=\"http:\/\/lukasburgering.com\/wp-content\/uploads\/2020\/07\/cover.jpg 651w, http:\/\/lukasburgering.com\/wp-content\/uploads\/2020\/07\/cover-201x300.jpg 201w\" sizes=\"auto, (max-width: 651px) 100vw, 651px\" \/><\/a><\/figure>\n<\/div>\n\n\n\n<div class=\"wp-block-column is-layout-flow wp-block-column-is-layout-flow\">\n<p><\/p>\n\n\n\n<p>Roman in twee delen<\/p>\n<\/div>\n<\/div>\n\n\n\n<div class=\"wp-block-columns is-layout-flex wp-container-core-columns-is-layout-9d6595d7 wp-block-columns-is-layout-flex\">\n<div class=\"wp-block-column is-layout-flow wp-block-column-is-layout-flow\">\n<figure class=\"wp-block-image size-full\"><a href=\"https:\/\/lukasburgering.com\/?page_id=68\" target=\"_blank\" rel=\"noopener\"><img loading=\"lazy\" decoding=\"async\" width=\"264\" height=\"368\" src=\"http:\/\/lukasburgering.com\/wp-content\/uploads\/2020\/03\/Jahrbuch1.jpg\" alt=\"\" class=\"wp-image-54\" srcset=\"http:\/\/lukasburgering.com\/wp-content\/uploads\/2020\/03\/Jahrbuch1.jpg 264w, http:\/\/lukasburgering.com\/wp-content\/uploads\/2020\/03\/Jahrbuch1-215x300.jpg 215w\" sizes=\"auto, (max-width: 264px) 100vw, 264px\" \/><\/a><\/figure>\n<\/div>\n\n\n\n<div class=\"wp-block-column is-layout-flow wp-block-column-is-layout-flow\">\n<p><\/p>\n\n\n\n<p>Jaarboek Universiteit van M\u00fcnster<\/p>\n\n\n\n<p>Zentrum f\u00fcr Niederlande-Studien<\/p>\n\n\n\n<p>Das Staatsoberhaupt und die Politik. \u00dcber den politischen Einflu\u00df von K\u00f6ningin Beatrix.<\/p>\n\n\n\n<p><\/p>\n<\/div>\n<\/div>\n\n\n\n<div class=\"wp-block-columns is-layout-flex wp-container-core-columns-is-layout-9d6595d7 wp-block-columns-is-layout-flex\">\n<div class=\"wp-block-column is-layout-flow wp-block-column-is-layout-flow\">\n<figure class=\"wp-block-image size-full\"><a href=\"https:\/\/lukasburgering.com\/?page_id=65\" target=\"_blank\" rel=\"noopener\"><img loading=\"lazy\" decoding=\"async\" width=\"264\" height=\"427\" src=\"http:\/\/lukasburgering.com\/wp-content\/uploads\/2020\/03\/ikzalhandhaven-1.jpg\" alt=\"\" class=\"wp-image-57\" srcset=\"http:\/\/lukasburgering.com\/wp-content\/uploads\/2020\/03\/ikzalhandhaven-1.jpg 264w, http:\/\/lukasburgering.com\/wp-content\/uploads\/2020\/03\/ikzalhandhaven-1-185x300.jpg 185w\" sizes=\"auto, (max-width: 264px) 100vw, 264px\" \/><\/a><\/figure>\n<\/div>\n\n\n\n<div class=\"wp-block-column is-layout-flow wp-block-column-is-layout-flow\">\n<p><\/p>\n\n\n\n<p>Journalistieke beschouwing over Beatrix&#8217; koningschap<\/p>\n<\/div>\n<\/div>\n\n\n\n<div class=\"wp-block-columns is-layout-flex wp-container-core-columns-is-layout-9d6595d7 wp-block-columns-is-layout-flex\">\n<div class=\"wp-block-column is-layout-flow wp-block-column-is-layout-flow\" style=\"flex-basis:100%\">\n<div class=\"wp-block-columns is-layout-flex wp-container-core-columns-is-layout-9d6595d7 wp-block-columns-is-layout-flex\">\n<div class=\"wp-block-column is-layout-flow wp-block-column-is-layout-flow\">\n<figure class=\"wp-block-image size-large is-resized\"><a href=\"https:\/\/lukasburgering.com\/?page_id=61\" target=\"_blank\" rel=\"noopener\"><img loading=\"lazy\" decoding=\"async\" width=\"657\" height=\"1024\" src=\"http:\/\/lukasburgering.com\/wp-content\/uploads\/2021\/08\/Document_2021-08-04_142531-657x1024.jpg\" alt=\"\" class=\"wp-image-143\" style=\"width:269px;height:418px\" srcset=\"http:\/\/lukasburgering.com\/wp-content\/uploads\/2021\/08\/Document_2021-08-04_142531-657x1024.jpg 657w, http:\/\/lukasburgering.com\/wp-content\/uploads\/2021\/08\/Document_2021-08-04_142531-192x300.jpg 192w, http:\/\/lukasburgering.com\/wp-content\/uploads\/2021\/08\/Document_2021-08-04_142531-768x1198.jpg 768w, http:\/\/lukasburgering.com\/wp-content\/uploads\/2021\/08\/Document_2021-08-04_142531-985x1536.jpg 985w, http:\/\/lukasburgering.com\/wp-content\/uploads\/2021\/08\/Document_2021-08-04_142531-1313x2048.jpg 1313w, http:\/\/lukasburgering.com\/wp-content\/uploads\/2021\/08\/Document_2021-08-04_142531-scaled.jpg 1641w\" sizes=\"auto, (max-width: 657px) 100vw, 657px\" \/><\/a><\/figure>\n<\/div>\n\n\n\n<div class=\"wp-block-column is-layout-flow wp-block-column-is-layout-flow\">\n<p><\/p>\n\n\n\n<p>52 Humoristische Bridge-verhalen<\/p>\n<\/div>\n<\/div>\n\n\n\n<div class=\"wp-block-columns is-layout-flex wp-container-core-columns-is-layout-9d6595d7 wp-block-columns-is-layout-flex\">\n<div class=\"wp-block-column is-layout-flow wp-block-column-is-layout-flow\"><\/div>\n\n\n\n<div class=\"wp-block-column is-layout-flow wp-block-column-is-layout-flow\"><\/div>\n<\/div>\n<\/div>\n<\/div>\n<\/div><\/div>\n\n\n\n<div class=\"wp-block-group\"><div class=\"wp-block-group__inner-container is-layout-flow wp-block-group-is-layout-flow\">\n<h2 class=\"wp-block-heading has-text-align-center\"><\/h2>\n\n\n\n<p><\/p>\n<\/div><\/div>\n\n\n\n<div class=\"wp-block-group\"><div class=\"wp-block-group__inner-container is-layout-flow wp-block-group-is-layout-flow\">\n<h2 class=\"wp-block-heading has-text-align-center\"><\/h2>\n<\/div><\/div>\n\n\n\n<p><\/p>\n","protected":false},"excerpt":{"rendered":"<p>Lukas Burgering schrijft graag. Op zijn website www.lpjb.nl schreef hij van 2014 tot en met 2023 een wekelijks blog met een korte opinie of beschouwing over externe communicatie. Daarnaast publiceerde hij een aantal boeken en een wetenschappelijk artikel. 2012 Top of Nul 2013 Ik zal handhaven 2015 Das Staatsoberhaupt und die Politik. \u00dcber den politischen [&hellip;]<\/p>\n","protected":false},"author":1,"featured_media":0,"parent":0,"menu_order":0,"comment_status":"closed","ping_status":"closed","template":"","meta":{"footnotes":""},"class_list":["post-86","page","type-page","status-publish","hentry"],"_links":{"self":[{"href":"http:\/\/lukasburgering.com\/index.php?rest_route=\/wp\/v2\/pages\/86","targetHints":{"allow":["GET"]}}],"collection":[{"href":"http:\/\/lukasburgering.com\/index.php?rest_route=\/wp\/v2\/pages"}],"about":[{"href":"http:\/\/lukasburgering.com\/index.php?rest_route=\/wp\/v2\/types\/page"}],"author":[{"embeddable":true,"href":"http:\/\/lukasburgering.com\/index.php?rest_route=\/wp\/v2\/users\/1"}],"replies":[{"embeddable":true,"href":"http:\/\/lukasburgering.com\/index.php?rest_route=%2Fwp%2Fv2%2Fcomments&post=86"}],"version-history":[{"count":44,"href":"http:\/\/lukasburgering.com\/index.php?rest_route=\/wp\/v2\/pages\/86\/revisions"}],"predecessor-version":[{"id":190,"href":"http:\/\/lukasburgering.com\/index.php?rest_route=\/wp\/v2\/pages\/86\/revisions\/190"}],"wp:attachment":[{"href":"http:\/\/lukasburgering.com\/index.php?rest_route=%2Fwp%2Fv2%2Fmedia&parent=86"}],"curies":[{"name":"wp","href":"https:\/\/api.w.org\/{rel}","templated":true}]}}